{"id":660,"date":"2020-05-12T05:57:11","date_gmt":"2020-05-12T05:57:11","guid":{"rendered":"https:\/\/lovecare.smartdemowp.com\/?page_id=660"},"modified":"2025-07-18T14:59:51","modified_gmt":"2025-07-18T14:59:51","slug":"about","status":"publish","type":"page","link":"https:\/\/apoioflordolar.com\/index.php\/about\/","title":{"rendered":"Sobre N\u00f3s"},"content":{"rendered":"\t\t<div data-elementor-type=\"wp-page\" data-elementor-id=\"660\" class=\"elementor elementor-660\">\n\t\t\t\t\t\t<section class=\"elementor-section elementor-top-section elementor-element elementor-element-51ff284 elementor-section-stretched elementor-section-full_width elementor-section-height-default elementor-section-height-default\" data-id=\"51ff284\" data-element_type=\"section\" data-settings=\"{&quot;stretch_section&quot;:&quot;section-stretched&quot;}\">\n\t\t\t\t\t\t<div class=\"elementor-container elementor-column-gap-no\">\n\t\t\t\t\t<div class=\"elementor-column elementor-col-100 elementor-top-column elementor-element elementor-element-82bf033\" data-id=\"82bf033\" data-element_type=\"column\">\n\t\t\t<div class=\"elementor-widget-wrap elementor-element-populated\">\n\t\t\t\t\t\t<div class=\"elementor-element elementor-element-05c3bfc elementor-widget__width-inherit elementor-widget elementor-widget-lovecare_abouttab\" data-id=\"05c3bfc\" data-element_type=\"widget\" data-widget_type=\"lovecare_abouttab.default\">\n\t\t\t\t<div class=\"elementor-widget-container\">\n\t\t\t\t\t\t\t\t<section class=\"about-one about-one__home-two\">\r\n\t\t\t\t<div class=\"container\">\r\n\t\t\t\t\t<div class=\"row\">\r\n\t\t\t\t\t\t<div class=\"col-lg-6\">\r\n\t\t\t\t\t\t\t<div class=\"about-one__home-two__image\">\r\n\t\t\t\t\t\t\t\t<img decoding=\"async\" src=\"https:\/\/apoioflordolar.com\/wp-content\/themes\/lovecare\/assets\/images\/shapes\/about-1-dot-1.png\" class=\"about-one__home-two__image-dot\" alt=\"\">\r\n\t\t\t\t\t\t\t\t<img decoding=\"async\" src=\"https:\/\/apoioflordolar.com\/wp-content\/uploads\/2025\/06\/image-13.png\" class=\"img-fluid\" alt=\"\">\r\n\t\t\t\t\t\t\t<\/div><!-- \/.about-one__home-two__image -->\r\n\t\t\t\t\t\t<\/div><!-- \/.col-lg-6 -->\r\n\t\t\t\t\t\t<div class=\"col-lg-6 d-flex\">\r\n\t\t\t\t\t\t\t<div class=\"my-auto\">\r\n\t\t\t\t\t\t\t\t<div class=\"about-one__content\">\r\n\t\t\t\t\t\t\t\t\t<div class=\"block-title text-left\">\r\n\t\t\t\t\t\t\t\t\t\t<p class=\"has-line\">01. Sobre n\u00f3s<\/p>\r\n\t\t\t\t\t\t\t\t\t\t<h3 class=\"content_typography\"><\/h3>\t\t\t\t\t\t\t\t\t<\/div><!-- \/.block-title -->\r\n\t\t\t\t\t\t\t\t\t<div class=\"nav navtabs about-one__tab-title\">\r\n\t\t\t\t\t\t\t\t\t\t\t\t\t\t\t\t\t\t\t\t\t<a href=\"#miss\u00e3o\" class=\"nav-link \r\n\t\t\t\t\t\t\t\t\t\t\t\t\t\t\t\t active\t\t\t\t\t\t\t\t\t\t\t\t\t\t\t\t\t\t\t\t\t\t\t\t\t\t\t\" data-toggle=\"tab\">Miss\u00e3o<\/a>\r\n\t\t\t\t\t\t\t\t\t\t\t<!-- \/.nav-link -->\r\n\t\t\t\t\t\t\t\t\t\t\t\t\t\t\t\t\t\t\t\t\t<a href=\"#equipa\" class=\"nav-link \r\n\t\t\t\t\t\t\t\t\t\t\t\t\t\t\t\t \t\t\t\t\t\t\t\t\t\t\t\t\t\t\t\t\t\t\t\t\t\t\t\t\t\t\t\" data-toggle=\"tab\">Equipa<\/a>\r\n\t\t\t\t\t\t\t\t\t\t\t<!-- \/.nav-link -->\r\n\t\t\t\t\t\t\t\t\t\t\t\t\t\t\t\t\t\t\t\t\t<a href=\"#compromisso\" class=\"nav-link \r\n\t\t\t\t\t\t\t\t\t\t\t\t\t\t\t\t \t\t\t\t\t\t\t\t\t\t\t\t\t\t\t\t\t\t\t\t\t\t\t\t\t\t\t\" data-toggle=\"tab\">Compromisso<\/a>\r\n\t\t\t\t\t\t\t\t\t\t\t<!-- \/.nav-link -->\r\n\t\t\t\t\t\t\t\t\t\t\t\t\t\t\t\t\t\t\t<\/div><!-- \/.nav navtabs about-one__tab-title -->\r\n\t\t\t\t\t\t\t\t\t<div class=\"tab-content\">\r\n\t\t\t\t\t\t\t\t\t\t\t\t\t\t\t\t\t\t\t\t\t<div class=\"tab-pane fade \r\n\t\t\t\t\t\t\t\t\t\t\tshow active\t\t\t\t\t\t\t\t\t\t\t\t\t\t\t\t\t\t animated fadeInUp\" id=\"miss\u00e3o\">\r\n\t\t\t\t\t\t\t\t\t\t\t\t<p>Na Flor do Lar, temos um compromisso com o cuidado e a qualidade de vida. Somos uma empresa especializada em servi\u00e7os domicili\u00e1rios, oferecendo aten\u00e7\u00e3o personalizada e suporte \u00e0s necessidades de cada cliente no conforto do seu lar.<\/p>\r\n\t\t\t\t\t\t\t\t\t\t\t\t\t\t\t\t\t\t\t\t\t\t\t<\/div><!-- \/.tab-pane fade show active animated fadeInUp -->\r\n\t\t\t\t\t\t\t\t\t\t\t\t\t\t\t\t\t\t\t\t\t<div class=\"tab-pane fade \r\n\t\t\t\t\t\t\t\t\t\t\t\t\t\t\t\t\t\t\t\t\t\t\t\t\t\t\t\t\t animated fadeInUp\" id=\"equipa\">\r\n\t\t\t\t\t\t\t\t\t\t\t\t<p>Com uma equipe de profissionais qualificados e apaixonados pelo que fazem, proporcionamos assist\u00eancia humanizada, segura e eficiente. O nosso objetivo \u00e9 promover o bem-estar e a autonomia de cada pessoa, respeitando suas individualidades e garantindo um atendimento de excel\u00eancia.<\/p>\r\n\t\t\t\t\t\t\t\t\t\t\t\t\t\t\t\t\t\t\t\t\t\t\t<\/div><!-- \/.tab-pane fade show active animated fadeInUp -->\r\n\t\t\t\t\t\t\t\t\t\t\t\t\t\t\t\t\t\t\t\t\t<div class=\"tab-pane fade \r\n\t\t\t\t\t\t\t\t\t\t\t\t\t\t\t\t\t\t\t\t\t\t\t\t\t\t\t\t\t animated fadeInUp\" id=\"compromisso\">\r\n\t\t\t\t\t\t\t\t\t\t\t\t<p>O nosso compromisso vai al\u00e9m do cuidado f\u00edsico: valorizamos o respeito, a empatia e a confian\u00e7a como pilares essenciais da nossa miss\u00e3o. Acreditamos que cada cliente merece um servi\u00e7o digno, de qualidade e adaptado \u00e0s suas necessidades.<\/p>\r\n\t\t\t\t\t\t\t\t\t\t\t\t\t\t\t\t\t\t\t\t\t\t\t<\/div><!-- \/.tab-pane fade show active animated fadeInUp -->\r\n\t\t\t\t\t\t\t\t\t\t\t\t\t\t\t\t\t\t\t<\/div><!-- \/.tab-content -->\r\n\t\t\t\t\t\t\t\t<\/div><!-- \/.about-one__content -->\r\n\t\t\t\t\t\t\t<\/div><!-- \/.my-auto -->\r\n\t\t\t\t\t\t<\/div><!-- \/.col-lg-6 -->\r\n\t\t\t\t\t<\/div><!-- \/.row -->\r\n\t\t\t\t<\/div><!-- \/.container -->\r\n\t\t\t<\/section><!-- \/.about-one -->\r\n\t\t\t\t\t\t\t\t<\/div>\n\t\t\t\t<\/div>\n\t\t\t\t\t<\/div>\n\t\t<\/div>\n\t\t\t\t\t<\/div>\n\t\t<\/section>\n\t\t\t\t<\/div>\n\t\t","protected":false},"excerpt":{"rendered":"<p>01. Sobre n\u00f3s Miss\u00e3o Equipa Compromisso Na Flor do Lar, temos um compromisso com o cuidado e a qualidade de vida. Somos [&hellip;]<\/p>\n","protected":false},"author":3,"featured_media":2148,"parent":0,"menu_order":0,"comment_status":"closed","ping_status":"closed","template":"elementor_header_footer","meta":{"footnotes":""},"class_list":["post-660","page","type-page","status-publish","has-post-thumbnail","hentry"],"yoast_head":"<!-- This site is optimized with the Yoast SEO plugin v25.3.1 - https:\/\/yoast.com\/wordpress\/plugins\/seo\/ -->\n<title>Sobre N\u00f3s - Apoio Flor do Lar<\/title>\n<meta name=\"robots\" content=\"index, follow, max-snippet:-1, max-image-preview:large, max-video-preview:-1\" \/>\n<link rel=\"canonical\" href=\"https:\/\/apoioflordolar.com\/index.php\/about\/\" \/>\n<meta property=\"og:locale\" content=\"pt_PT\" \/>\n<meta property=\"og:type\" content=\"article\" \/>\n<meta property=\"og:title\" content=\"Sobre N\u00f3s - Apoio Flor do Lar\" \/>\n<meta property=\"og:description\" content=\"01. Sobre n\u00f3s Miss\u00e3o Equipa Compromisso Na Flor do Lar, temos um compromisso com o cuidado e a qualidade de vida. Somos [&hellip;]\" \/>\n<meta property=\"og:url\" content=\"https:\/\/apoioflordolar.com\/index.php\/about\/\" \/>\n<meta property=\"og:site_name\" content=\"Apoio Flor do Lar\" \/>\n<meta property=\"article:publisher\" content=\"https:\/\/www.facebook.com\/profile.php?id=61551246539743\" \/>\n<meta property=\"article:modified_time\" content=\"2025-07-18T14:59:51+00:00\" \/>\n<meta property=\"og:image\" content=\"https:\/\/apoioflordolar.com\/wp-content\/uploads\/2025\/06\/image-1-e1750868104233.png\" \/>\n\t<meta property=\"og:image:width\" content=\"1347\" \/>\n\t<meta property=\"og:image:height\" content=\"566\" \/>\n\t<meta property=\"og:image:type\" content=\"image\/png\" \/>\n<meta name=\"twitter:card\" content=\"summary_large_image\" \/>\n<meta name=\"twitter:label1\" content=\"Tempo estimado de leitura\" \/>\n\t<meta name=\"twitter:data1\" content=\"2 minutos\" \/>\n<script type=\"application\/ld+json\" class=\"yoast-schema-graph\">{\"@context\":\"https:\/\/schema.org\",\"@graph\":[{\"@type\":\"WebPage\",\"@id\":\"https:\/\/apoioflordolar.com\/index.php\/about\/\",\"url\":\"https:\/\/apoioflordolar.com\/index.php\/about\/\",\"name\":\"Sobre N\u00f3s - Apoio Flor do Lar\",\"isPartOf\":{\"@id\":\"https:\/\/apoioflordolar.com\/#website\"},\"primaryImageOfPage\":{\"@id\":\"https:\/\/apoioflordolar.com\/index.php\/about\/#primaryimage\"},\"image\":{\"@id\":\"https:\/\/apoioflordolar.com\/index.php\/about\/#primaryimage\"},\"thumbnailUrl\":\"https:\/\/apoioflordolar.com\/wp-content\/uploads\/2025\/06\/image-1-e1750868104233.png\",\"datePublished\":\"2020-05-12T05:57:11+00:00\",\"dateModified\":\"2025-07-18T14:59:51+00:00\",\"breadcrumb\":{\"@id\":\"https:\/\/apoioflordolar.com\/index.php\/about\/#breadcrumb\"},\"inLanguage\":\"pt-PT\",\"potentialAction\":[{\"@type\":\"ReadAction\",\"target\":[\"https:\/\/apoioflordolar.com\/index.php\/about\/\"]}]},{\"@type\":\"ImageObject\",\"inLanguage\":\"pt-PT\",\"@id\":\"https:\/\/apoioflordolar.com\/index.php\/about\/#primaryimage\",\"url\":\"https:\/\/apoioflordolar.com\/wp-content\/uploads\/2025\/06\/image-1-e1750868104233.png\",\"contentUrl\":\"https:\/\/apoioflordolar.com\/wp-content\/uploads\/2025\/06\/image-1-e1750868104233.png\",\"width\":1347,\"height\":566},{\"@type\":\"BreadcrumbList\",\"@id\":\"https:\/\/apoioflordolar.com\/index.php\/about\/#breadcrumb\",\"itemListElement\":[{\"@type\":\"ListItem\",\"position\":1,\"name\":\"In\u00edcio\",\"item\":\"https:\/\/apoioflordolar.com\/\"},{\"@type\":\"ListItem\",\"position\":2,\"name\":\"Sobre N\u00f3s\"}]},{\"@type\":\"WebSite\",\"@id\":\"https:\/\/apoioflordolar.com\/#website\",\"url\":\"https:\/\/apoioflordolar.com\/\",\"name\":\"Apoio Flor do Lar\",\"description\":\"\",\"publisher\":{\"@id\":\"https:\/\/apoioflordolar.com\/#organization\"},\"potentialAction\":[{\"@type\":\"SearchAction\",\"target\":{\"@type\":\"EntryPoint\",\"urlTemplate\":\"https:\/\/apoioflordolar.com\/?s={search_term_string}\"},\"query-input\":{\"@type\":\"PropertyValueSpecification\",\"valueRequired\":true,\"valueName\":\"search_term_string\"}}],\"inLanguage\":\"pt-PT\"},{\"@type\":\"Organization\",\"@id\":\"https:\/\/apoioflordolar.com\/#organization\",\"name\":\"Apoio Flor do Lar\",\"url\":\"https:\/\/apoioflordolar.com\/\",\"logo\":{\"@type\":\"ImageObject\",\"inLanguage\":\"pt-PT\",\"@id\":\"https:\/\/apoioflordolar.com\/#\/schema\/logo\/image\/\",\"url\":\"https:\/\/apoioflordolar.com\/wp-content\/uploads\/2025\/06\/logov2-e1750869844966.png\",\"contentUrl\":\"https:\/\/apoioflordolar.com\/wp-content\/uploads\/2025\/06\/logov2-e1750869844966.png\",\"width\":154,\"height\":125,\"caption\":\"Apoio Flor do Lar\"},\"image\":{\"@id\":\"https:\/\/apoioflordolar.com\/#\/schema\/logo\/image\/\"},\"sameAs\":[\"https:\/\/www.facebook.com\/profile.php?id=61551246539743\",\"https:\/\/www.instagram.com\/apoioflordolar\/\",\"https:\/\/www.linkedin.com\/company\/apoiodomicilirioflordolar\/\"]}]}<\/script>\n<!-- \/ Yoast SEO plugin. -->","yoast_head_json":{"title":"Sobre N\u00f3s - Apoio Flor do Lar","robots":{"index":"index","follow":"follow","max-snippet":"max-snippet:-1","max-image-preview":"max-image-preview:large","max-video-preview":"max-video-preview:-1"},"canonical":"https:\/\/apoioflordolar.com\/index.php\/about\/","og_locale":"pt_PT","og_type":"article","og_title":"Sobre N\u00f3s - Apoio Flor do Lar","og_description":"01. Sobre n\u00f3s Miss\u00e3o Equipa Compromisso Na Flor do Lar, temos um compromisso com o cuidado e a qualidade de vida. Somos [&hellip;]","og_url":"https:\/\/apoioflordolar.com\/index.php\/about\/","og_site_name":"Apoio Flor do Lar","article_publisher":"https:\/\/www.facebook.com\/profile.php?id=61551246539743","article_modified_time":"2025-07-18T14:59:51+00:00","og_image":[{"width":1347,"height":566,"url":"https:\/\/apoioflordolar.com\/wp-content\/uploads\/2025\/06\/image-1-e1750868104233.png","type":"image\/png"}],"twitter_card":"summary_large_image","twitter_misc":{"Tempo estimado de leitura":"2 minutos"},"schema":{"@context":"https:\/\/schema.org","@graph":[{"@type":"WebPage","@id":"https:\/\/apoioflordolar.com\/index.php\/about\/","url":"https:\/\/apoioflordolar.com\/index.php\/about\/","name":"Sobre N\u00f3s - Apoio Flor do Lar","isPartOf":{"@id":"https:\/\/apoioflordolar.com\/#website"},"primaryImageOfPage":{"@id":"https:\/\/apoioflordolar.com\/index.php\/about\/#primaryimage"},"image":{"@id":"https:\/\/apoioflordolar.com\/index.php\/about\/#primaryimage"},"thumbnailUrl":"https:\/\/apoioflordolar.com\/wp-content\/uploads\/2025\/06\/image-1-e1750868104233.png","datePublished":"2020-05-12T05:57:11+00:00","dateModified":"2025-07-18T14:59:51+00:00","breadcrumb":{"@id":"https:\/\/apoioflordolar.com\/index.php\/about\/#breadcrumb"},"inLanguage":"pt-PT","potentialAction":[{"@type":"ReadAction","target":["https:\/\/apoioflordolar.com\/index.php\/about\/"]}]},{"@type":"ImageObject","inLanguage":"pt-PT","@id":"https:\/\/apoioflordolar.com\/index.php\/about\/#primaryimage","url":"https:\/\/apoioflordolar.com\/wp-content\/uploads\/2025\/06\/image-1-e1750868104233.png","contentUrl":"https:\/\/apoioflordolar.com\/wp-content\/uploads\/2025\/06\/image-1-e1750868104233.png","width":1347,"height":566},{"@type":"BreadcrumbList","@id":"https:\/\/apoioflordolar.com\/index.php\/about\/#breadcrumb","itemListElement":[{"@type":"ListItem","position":1,"name":"In\u00edcio","item":"https:\/\/apoioflordolar.com\/"},{"@type":"ListItem","position":2,"name":"Sobre N\u00f3s"}]},{"@type":"WebSite","@id":"https:\/\/apoioflordolar.com\/#website","url":"https:\/\/apoioflordolar.com\/","name":"Apoio Flor do Lar","description":"","publisher":{"@id":"https:\/\/apoioflordolar.com\/#organization"},"potentialAction":[{"@type":"SearchAction","target":{"@type":"EntryPoint","urlTemplate":"https:\/\/apoioflordolar.com\/?s={search_term_string}"},"query-input":{"@type":"PropertyValueSpecification","valueRequired":true,"valueName":"search_term_string"}}],"inLanguage":"pt-PT"},{"@type":"Organization","@id":"https:\/\/apoioflordolar.com\/#organization","name":"Apoio Flor do Lar","url":"https:\/\/apoioflordolar.com\/","logo":{"@type":"ImageObject","inLanguage":"pt-PT","@id":"https:\/\/apoioflordolar.com\/#\/schema\/logo\/image\/","url":"https:\/\/apoioflordolar.com\/wp-content\/uploads\/2025\/06\/logov2-e1750869844966.png","contentUrl":"https:\/\/apoioflordolar.com\/wp-content\/uploads\/2025\/06\/logov2-e1750869844966.png","width":154,"height":125,"caption":"Apoio Flor do Lar"},"image":{"@id":"https:\/\/apoioflordolar.com\/#\/schema\/logo\/image\/"},"sameAs":["https:\/\/www.facebook.com\/profile.php?id=61551246539743","https:\/\/www.instagram.com\/apoioflordolar\/","https:\/\/www.linkedin.com\/company\/apoiodomicilirioflordolar\/"]}]}},"_links":{"self":[{"href":"https:\/\/apoioflordolar.com\/index.php\/wp-json\/wp\/v2\/pages\/660","targetHints":{"allow":["GET"]}}],"collection":[{"href":"https:\/\/apoioflordolar.com\/index.php\/wp-json\/wp\/v2\/pages"}],"about":[{"href":"https:\/\/apoioflordolar.com\/index.php\/wp-json\/wp\/v2\/types\/page"}],"author":[{"embeddable":true,"href":"https:\/\/apoioflordolar.com\/index.php\/wp-json\/wp\/v2\/users\/3"}],"replies":[{"embeddable":true,"href":"https:\/\/apoioflordolar.com\/index.php\/wp-json\/wp\/v2\/comments?post=660"}],"version-history":[{"count":7,"href":"https:\/\/apoioflordolar.com\/index.php\/wp-json\/wp\/v2\/pages\/660\/revisions"}],"predecessor-version":[{"id":2231,"href":"https:\/\/apoioflordolar.com\/index.php\/wp-json\/wp\/v2\/pages\/660\/revisions\/2231"}],"wp:featuredmedia":[{"embeddable":true,"href":"https:\/\/apoioflordolar.com\/index.php\/wp-json\/wp\/v2\/media\/2148"}],"wp:attachment":[{"href":"https:\/\/apoioflordolar.com\/index.php\/wp-json\/wp\/v2\/media?parent=660"}],"curies":[{"name":"wp","href":"https:\/\/api.w.org\/{rel}","templated":true}]}}