{"id":676,"date":"2020-05-12T06:32:23","date_gmt":"2020-05-12T06:32:23","guid":{"rendered":"https:\/\/lovecare.smartdemowp.com\/?page_id=676"},"modified":"2025-07-18T15:36:08","modified_gmt":"2025-07-18T15:36:08","slug":"services","status":"publish","type":"page","link":"https:\/\/apoioflordolar.com\/index.php\/services\/","title":{"rendered":"Servi\u00e7os"},"content":{"rendered":"\t\t<div data-elementor-type=\"wp-page\" data-elementor-id=\"676\" class=\"elementor elementor-676\">\n\t\t\t\t\t\t<section class=\"elementor-section elementor-top-section elementor-element elementor-element-6affacb elementor-section-stretched elementor-section-full_width elementor-section-height-default elementor-section-height-default\" data-id=\"6affacb\" data-element_type=\"section\" data-settings=\"{&quot;stretch_section&quot;:&quot;section-stretched&quot;}\">\n\t\t\t\t\t\t<div class=\"elementor-container elementor-column-gap-no\">\n\t\t\t\t\t<div class=\"elementor-column elementor-col-100 elementor-top-column elementor-element elementor-element-ccd6ecc\" data-id=\"ccd6ecc\" data-element_type=\"column\">\n\t\t\t<div class=\"elementor-widget-wrap\">\n\t\t\t\t\t\t\t<\/div>\n\t\t<\/div>\n\t\t\t\t\t<\/div>\n\t\t<\/section>\n\t\t\t\t<section class=\"elementor-section elementor-top-section elementor-element elementor-element-7606650 elementor-section-stretched elementor-section-full_width elementor-section-height-default elementor-section-height-default\" data-id=\"7606650\" data-element_type=\"section\" data-settings=\"{&quot;stretch_section&quot;:&quot;section-stretched&quot;}\">\n\t\t\t\t\t\t<div class=\"elementor-container elementor-column-gap-no\">\n\t\t\t\t\t<div class=\"elementor-column elementor-col-100 elementor-top-column elementor-element elementor-element-5e6465e\" data-id=\"5e6465e\" data-element_type=\"column\">\n\t\t\t<div class=\"elementor-widget-wrap elementor-element-populated\">\n\t\t\t\t\t\t<div class=\"elementor-element elementor-element-2838411 elementor-widget elementor-widget-lovecare_services\" data-id=\"2838411\" data-element_type=\"widget\" data-widget_type=\"lovecare_services.default\">\n\t\t\t\t<div class=\"elementor-widget-container\">\n\t\t\t\t\t\t\t\t<section class=\"service-one service-one__about-one\">\r\n\t\t\t\t<div class=\"container\">\r\n\t\t\t\t\t<div class=\"block-title text-center\">\r\n\t\t\t\t\t\t<p >01. Servi\u00e7os<\/p>\r\n\t\t\t\t\t\t<h3 class=\"content_typography\"><\/h3>\t\t\t\t\t<\/div><!-- \/.block-title -->\r\n\t\t\t\t\t<div class=\"service-one__carousel owl-carousel thm__owl-carousel owl-theme\" data-options='{\r\n\t\t\t\t\t\"items\": 2, \"nav\": false, \"dots\": true, \"margin\": 40, \"loop\": true, \"smartSpeed\": 700, \"autoplay\": true, \"autoplayTimeout\": 5000, \"autoplayHoverPause\": true, \"responsive\": {\r\n\t\t\t\t\t\t\"0\": {\"items\": 1, \"margin\": 0, \"dots\": false, \"nav\": true },\r\n\t\t\t\t\t\t\"767\": {\"items\": 1, \"margin\": 0, \"dots\": false, \"nav\": true },\r\n\t\t\t\t\t\t\"991\": {\"items\": 2, \"margin\": 30},\r\n\t\t\t\t\t\t\"1199\": {\"items\": 4}\r\n\t\t\t\t\t}\r\n\t\t\t\t}'>\r\n\t\t\t\t\t\t\t\t\t\t\t\t\t<div class=\"item\">\r\n\t\t\t\t\t\t\t\t<div class=\"service-one__single\">\r\n\t\t\t\t\t\t\t\t\t<div class=\"service-one__image\">\r\n\t\t\t\t\t\t\t\t\t\t\t\t\t\t\t\t\t\t\t<\/div><!-- \/.service-one__image -->\r\n\t\t\t\t\t\t\t\t\t<div class=\"service-one__content\">\r\n\t\t\t\t\t\t\t\t\t\t<div class=\"service-one__icon elementor-repeater-item-117a59e\">\r\n\t\t\t\t\t\t\t\t\t\t\t<i aria-hidden=\"true\" class=\" lovecare-icon-stethoscope\"><\/i>\t\t\t\t\t\t\t\t\t\t<\/div><!-- \/.service-one__icon -->\r\n\t\t\t\t\t\t\t\t\t\t<h3><a href=\"\">Avalia\u00e7\u00e3o e cuidados de enfermagem e m\u00e9dicos<\/a><\/h3>\r\n\t\t\t\t\t\t\t\t\t\t\t\t\t\t\t\t\t\t\t\t<a ><i class=\"far fa-long-arrow-alt-right\"><\/i><\/a><!-- \/.service-one__link -->\r\n\t\t\t\t\t\t\t\t\t<\/div><!-- \/.service-one__content -->\r\n\t\t\t\t\t\t\t\t<\/div><!-- \/.service-one__single -->\r\n\t\t\t\t\t\t\t<\/div>\r\n\t\t\t\t\t\t\t\t\t\t\t\t\t<div class=\"item\">\r\n\t\t\t\t\t\t\t\t<div class=\"service-one__single\">\r\n\t\t\t\t\t\t\t\t\t<div class=\"service-one__image\">\r\n\t\t\t\t\t\t\t\t\t\t\t\t\t\t\t\t\t\t\t<\/div><!-- \/.service-one__image -->\r\n\t\t\t\t\t\t\t\t\t<div class=\"service-one__content\">\r\n\t\t\t\t\t\t\t\t\t\t<div class=\"service-one__icon elementor-repeater-item-c50c0ff\">\r\n\t\t\t\t\t\t\t\t\t\t\t<i aria-hidden=\"true\" class=\" lovecare-icon-doctor\"><\/i>\t\t\t\t\t\t\t\t\t\t<\/div><!-- \/.service-one__icon -->\r\n\t\t\t\t\t\t\t\t\t\t<h3><a href=\"\">Cuidados de higiene e conforto pessoal<\/a><\/h3>\r\n\t\t\t\t\t\t\t\t\t\t\t\t\t\t\t\t\t\t\t\t<a ><i class=\"far fa-long-arrow-alt-right\"><\/i><\/a><!-- \/.service-one__link -->\r\n\t\t\t\t\t\t\t\t\t<\/div><!-- \/.service-one__content -->\r\n\t\t\t\t\t\t\t\t<\/div><!-- \/.service-one__single -->\r\n\t\t\t\t\t\t\t<\/div>\r\n\t\t\t\t\t\t\t\t\t\t\t\t\t<div class=\"item\">\r\n\t\t\t\t\t\t\t\t<div class=\"service-one__single\">\r\n\t\t\t\t\t\t\t\t\t<div class=\"service-one__image\">\r\n\t\t\t\t\t\t\t\t\t\t\t\t\t\t\t\t\t\t\t<\/div><!-- \/.service-one__image -->\r\n\t\t\t\t\t\t\t\t\t<div class=\"service-one__content\">\r\n\t\t\t\t\t\t\t\t\t\t<div class=\"service-one__icon elementor-repeater-item-ee53367\">\r\n\t\t\t\t\t\t\t\t\t\t\t<i aria-hidden=\"true\" class=\" lovecare-icon-discussion\"><\/i>\t\t\t\t\t\t\t\t\t\t<\/div><!-- \/.service-one__icon -->\r\n\t\t\t\t\t\t\t\t\t\t<h3><a href=\"\">Atividades de anima\u00e7\u00e3o e socializa\u00e7\u00e3o: anima\u00e7\u00e3o, lazer e cultura<\/a><\/h3>\r\n\t\t\t\t\t\t\t\t\t\t\t\t\t\t\t\t\t\t\t\t<a ><i class=\"far fa-long-arrow-alt-right\"><\/i><\/a><!-- \/.service-one__link -->\r\n\t\t\t\t\t\t\t\t\t<\/div><!-- \/.service-one__content -->\r\n\t\t\t\t\t\t\t\t<\/div><!-- \/.service-one__single -->\r\n\t\t\t\t\t\t\t<\/div>\r\n\t\t\t\t\t\t\t\t\t\t\t\t\t<div class=\"item\">\r\n\t\t\t\t\t\t\t\t<div class=\"service-one__single\">\r\n\t\t\t\t\t\t\t\t\t<div class=\"service-one__image\">\r\n\t\t\t\t\t\t\t\t\t\t\t\t\t\t\t\t\t\t\t<\/div><!-- \/.service-one__image -->\r\n\t\t\t\t\t\t\t\t\t<div class=\"service-one__content\">\r\n\t\t\t\t\t\t\t\t\t\t<div class=\"service-one__icon elementor-repeater-item-b95d0d2\">\r\n\t\t\t\t\t\t\t\t\t\t\t<i aria-hidden=\"true\" class=\" lovecare-icon-brain\"><\/i>\t\t\t\t\t\t\t\t\t\t<\/div><!-- \/.service-one__icon -->\r\n\t\t\t\t\t\t\t\t\t\t<h3><a href=\"\">Apoio psicossocial<\/a><\/h3>\r\n\t\t\t\t\t\t\t\t\t\t\t\t\t\t\t\t\t\t\t\t<a ><i class=\"far fa-long-arrow-alt-right\"><\/i><\/a><!-- \/.service-one__link -->\r\n\t\t\t\t\t\t\t\t\t<\/div><!-- \/.service-one__content -->\r\n\t\t\t\t\t\t\t\t<\/div><!-- \/.service-one__single -->\r\n\t\t\t\t\t\t\t<\/div>\r\n\t\t\t\t\t\t\t\t\t\t\t\t\t<div class=\"item\">\r\n\t\t\t\t\t\t\t\t<div class=\"service-one__single\">\r\n\t\t\t\t\t\t\t\t\t<div class=\"service-one__image\">\r\n\t\t\t\t\t\t\t\t\t\t\t\t\t\t\t\t\t\t\t<\/div><!-- \/.service-one__image -->\r\n\t\t\t\t\t\t\t\t\t<div class=\"service-one__content\">\r\n\t\t\t\t\t\t\t\t\t\t<div class=\"service-one__icon elementor-repeater-item-7352a44\">\r\n\t\t\t\t\t\t\t\t\t\t\t<i aria-hidden=\"true\" class=\" lovecare-icon-blind\"><\/i>\t\t\t\t\t\t\t\t\t\t<\/div><!-- \/.service-one__icon -->\r\n\t\t\t\t\t\t\t\t\t\t<h3><a href=\"\">Apoio nas atividades de vida di\u00e1rias<\/a><\/h3>\r\n\t\t\t\t\t\t\t\t\t\t\t\t\t\t\t\t\t\t\t\t<a ><i class=\"far fa-long-arrow-alt-right\"><\/i><\/a><!-- \/.service-one__link -->\r\n\t\t\t\t\t\t\t\t\t<\/div><!-- \/.service-one__content -->\r\n\t\t\t\t\t\t\t\t<\/div><!-- \/.service-one__single -->\r\n\t\t\t\t\t\t\t<\/div>\r\n\t\t\t\t\t\t\t\t\t\t\t\t\t<div class=\"item\">\r\n\t\t\t\t\t\t\t\t<div class=\"service-one__single\">\r\n\t\t\t\t\t\t\t\t\t<div class=\"service-one__image\">\r\n\t\t\t\t\t\t\t\t\t\t\t\t\t\t\t\t\t\t\t<\/div><!-- \/.service-one__image -->\r\n\t\t\t\t\t\t\t\t\t<div class=\"service-one__content\">\r\n\t\t\t\t\t\t\t\t\t\t<div class=\"service-one__icon elementor-repeater-item-8208d09\">\r\n\t\t\t\t\t\t\t\t\t\t\t<i aria-hidden=\"true\" class=\" lovecare-icon-map\"><\/i>\t\t\t\t\t\t\t\t\t\t<\/div><!-- \/.service-one__icon -->\r\n\t\t\t\t\t\t\t\t\t\t<h3><a href=\"\">Aquisi\u00e7\u00e3o de bens e alimentos, pagamento de servi\u00e7os, desloca\u00e7\u00e3o a entidades da comunidade;<\/a><\/h3>\r\n\t\t\t\t\t\t\t\t\t\t\t\t\t\t\t\t\t\t\t\t<a ><i class=\"far fa-long-arrow-alt-right\"><\/i><\/a><!-- \/.service-one__link -->\r\n\t\t\t\t\t\t\t\t\t<\/div><!-- \/.service-one__content -->\r\n\t\t\t\t\t\t\t\t<\/div><!-- \/.service-one__single -->\r\n\t\t\t\t\t\t\t<\/div>\r\n\t\t\t\t\t\t\t\t\t\t\t\t\t<div class=\"item\">\r\n\t\t\t\t\t\t\t\t<div class=\"service-one__single\">\r\n\t\t\t\t\t\t\t\t\t<div class=\"service-one__image\">\r\n\t\t\t\t\t\t\t\t\t\t\t\t\t\t\t\t\t\t\t<\/div><!-- \/.service-one__image -->\r\n\t\t\t\t\t\t\t\t\t<div class=\"service-one__content\">\r\n\t\t\t\t\t\t\t\t\t\t<div class=\"service-one__icon elementor-repeater-item-71642ad\">\r\n\t\t\t\t\t\t\t\t\t\t\t<i aria-hidden=\"true\" class=\" lovecare-icon-exercise\"><\/i>\t\t\t\t\t\t\t\t\t\t<\/div><!-- \/.service-one__icon -->\r\n\t\t\t\t\t\t\t\t\t\t<h3><a href=\"\">Reabilita\u00e7\u00e3o e fisioterapia<\/a><\/h3>\r\n\t\t\t\t\t\t\t\t\t\t\t\t\t\t\t\t\t\t\t\t<a ><i class=\"far fa-long-arrow-alt-right\"><\/i><\/a><!-- \/.service-one__link -->\r\n\t\t\t\t\t\t\t\t\t<\/div><!-- \/.service-one__content -->\r\n\t\t\t\t\t\t\t\t<\/div><!-- \/.service-one__single -->\r\n\t\t\t\t\t\t\t<\/div>\r\n\t\t\t\t\t\t\t\t\t\t\t<\/div><!-- \/.service-one__carousel -->\r\n\t\t\t\t<\/div><!-- \/.container -->\r\n\t\t\t<\/section><!-- \/.service-one -->\r\n\t\t\t\t\t\t\t\t<\/div>\n\t\t\t\t<\/div>\n\t\t\t\t<div class=\"elementor-element elementor-element-d71f40d elementor-widget elementor-widget-lovecare_cta\" data-id=\"d71f40d\" data-element_type=\"widget\" data-widget_type=\"lovecare_cta.default\">\n\t\t\t\t<div class=\"elementor-widget-container\">\n\t\t\t\t\t\t\t\t<section class=\"cta-three\">\r\n\t\t\t\t<div class=\"container\">\r\n\t\t\t\t\t<div class=\"inner-container\">\r\n\t\t\t\t\t\t<div class=\"row no-gutters\">\r\n\t\t\t\t\t\t\t<div class=\"col-lg-6\">\r\n\t\t\t\t\t\t\t\t<div class=\"cta-three__image\">\r\n\t\t\t\t\t\t\t\t\t<img decoding=\"async\" src=\"https:\/\/apoioflordolar.com\/wp-content\/uploads\/2025\/06\/image-12.png\" class=\"img-fluid\" alt=\"\">\r\n\t\t\t\t\t\t\t\t<\/div><!-- \/.cta-three__image -->\r\n\t\t\t\t\t\t\t<\/div><!-- \/.col-lg-6 -->\r\n\t\t\t\t\t\t\t<div class=\"col-lg-6 d-flex\">\r\n\t\t\t\t\t\t\t\t<div class=\"my-auto\">\r\n\t\t\t\t\t\t\t\t\t<div class=\"cta-three__content\">\r\n\t\t\t\t\t\t\t\t\t\t<h3 class=\"content_typography\">Entre em Contacto Hoje!!!<\/h3>\t\t\t\t\t\t\t\t\t\t<p>Avaliamos o ambiente f\u00edsico de cada cliente.<\/p><p>Inclu\u00edmos as quest\u00f5es de seguran\u00e7a, conforto e acessibilidade.<\/p><p>Conte com a Flor do Lar para seu parceiro de confian\u00e7a.<\/p>\t\t\t\t\t\t\t\t\t<\/div><!-- \/.cta-three__content -->\r\n\t\t\t\t\t\t\t\t<\/div><!-- \/.my-auto -->\r\n\t\t\t\t\t\t\t<\/div><!-- \/.col-lg-6 -->\r\n\t\t\t\t\t\t<\/div><!-- \/.row no-gutters -->\r\n\t\t\t\t\t<\/div><!-- \/.inner-container -->\r\n\t\t\t\t<\/div><!-- \/.container -->\r\n\t\t\t<\/section><!-- \/.cta-three -->\r\n\t\t\t\t\t\t\t\t<\/div>\n\t\t\t\t<\/div>\n\t\t\t\t\t<\/div>\n\t\t<\/div>\n\t\t\t\t\t<\/div>\n\t\t<\/section>\n\t\t\t\t<\/div>\n\t\t","protected":false},"excerpt":{"rendered":"<p>01. Services Everyone Deserves Our Best Services Residential Care Lorem ipsum dolor sit amet consec turadipicing elit sed eiusmod tempor. Physical Assistance [&hellip;]<\/p>\n","protected":false},"author":3,"featured_media":2149,"parent":0,"menu_order":0,"comment_status":"closed","ping_status":"closed","template":"elementor_header_footer","meta":{"footnotes":""},"class_list":["post-676","page","type-page","status-publish","has-post-thumbnail","hentry"],"yoast_head":"<!-- This site is optimized with the Yoast SEO plugin v25.3.1 - https:\/\/yoast.com\/wordpress\/plugins\/seo\/ -->\n<title>Servi\u00e7os - Apoio Flor do Lar<\/title>\n<meta name=\"robots\" content=\"index, follow, max-snippet:-1, max-image-preview:large, max-video-preview:-1\" \/>\n<link rel=\"canonical\" href=\"https:\/\/apoioflordolar.com\/index.php\/services\/\" \/>\n<meta property=\"og:locale\" content=\"pt_PT\" \/>\n<meta property=\"og:type\" content=\"article\" \/>\n<meta property=\"og:title\" content=\"Servi\u00e7os - Apoio Flor do Lar\" \/>\n<meta property=\"og:description\" content=\"01. Services Everyone Deserves Our Best Services Residential Care Lorem ipsum dolor sit amet consec turadipicing elit sed eiusmod tempor. Physical Assistance [&hellip;]\" \/>\n<meta property=\"og:url\" content=\"https:\/\/apoioflordolar.com\/index.php\/services\/\" \/>\n<meta property=\"og:site_name\" content=\"Apoio Flor do Lar\" \/>\n<meta property=\"article:publisher\" content=\"https:\/\/www.facebook.com\/profile.php?id=61551246539743\" \/>\n<meta property=\"article:modified_time\" content=\"2025-07-18T15:36:08+00:00\" \/>\n<meta property=\"og:image\" content=\"https:\/\/apoioflordolar.com\/wp-content\/uploads\/2025\/06\/image-2-e1750868046189.png\" \/>\n\t<meta property=\"og:image:width\" content=\"1349\" \/>\n\t<meta property=\"og:image:height\" content=\"567\" \/>\n\t<meta property=\"og:image:type\" content=\"image\/png\" \/>\n<meta name=\"twitter:card\" content=\"summary_large_image\" \/>\n<meta name=\"twitter:label1\" content=\"Tempo estimado de leitura\" \/>\n\t<meta name=\"twitter:data1\" content=\"4 minutos\" \/>\n<script type=\"application\/ld+json\" class=\"yoast-schema-graph\">{\"@context\":\"https:\/\/schema.org\",\"@graph\":[{\"@type\":\"WebPage\",\"@id\":\"https:\/\/apoioflordolar.com\/index.php\/services\/\",\"url\":\"https:\/\/apoioflordolar.com\/index.php\/services\/\",\"name\":\"Servi\u00e7os - Apoio Flor do Lar\",\"isPartOf\":{\"@id\":\"https:\/\/apoioflordolar.com\/#website\"},\"primaryImageOfPage\":{\"@id\":\"https:\/\/apoioflordolar.com\/index.php\/services\/#primaryimage\"},\"image\":{\"@id\":\"https:\/\/apoioflordolar.com\/index.php\/services\/#primaryimage\"},\"thumbnailUrl\":\"https:\/\/apoioflordolar.com\/wp-content\/uploads\/2025\/06\/image-2-e1750868046189.png\",\"datePublished\":\"2020-05-12T06:32:23+00:00\",\"dateModified\":\"2025-07-18T15:36:08+00:00\",\"breadcrumb\":{\"@id\":\"https:\/\/apoioflordolar.com\/index.php\/services\/#breadcrumb\"},\"inLanguage\":\"pt-PT\",\"potentialAction\":[{\"@type\":\"ReadAction\",\"target\":[\"https:\/\/apoioflordolar.com\/index.php\/services\/\"]}]},{\"@type\":\"ImageObject\",\"inLanguage\":\"pt-PT\",\"@id\":\"https:\/\/apoioflordolar.com\/index.php\/services\/#primaryimage\",\"url\":\"https:\/\/apoioflordolar.com\/wp-content\/uploads\/2025\/06\/image-2-e1750868046189.png\",\"contentUrl\":\"https:\/\/apoioflordolar.com\/wp-content\/uploads\/2025\/06\/image-2-e1750868046189.png\",\"width\":1349,\"height\":567},{\"@type\":\"BreadcrumbList\",\"@id\":\"https:\/\/apoioflordolar.com\/index.php\/services\/#breadcrumb\",\"itemListElement\":[{\"@type\":\"ListItem\",\"position\":1,\"name\":\"In\u00edcio\",\"item\":\"https:\/\/apoioflordolar.com\/\"},{\"@type\":\"ListItem\",\"position\":2,\"name\":\"Servi\u00e7os\"}]},{\"@type\":\"WebSite\",\"@id\":\"https:\/\/apoioflordolar.com\/#website\",\"url\":\"https:\/\/apoioflordolar.com\/\",\"name\":\"Apoio Flor do Lar\",\"description\":\"\",\"publisher\":{\"@id\":\"https:\/\/apoioflordolar.com\/#organization\"},\"potentialAction\":[{\"@type\":\"SearchAction\",\"target\":{\"@type\":\"EntryPoint\",\"urlTemplate\":\"https:\/\/apoioflordolar.com\/?s={search_term_string}\"},\"query-input\":{\"@type\":\"PropertyValueSpecification\",\"valueRequired\":true,\"valueName\":\"search_term_string\"}}],\"inLanguage\":\"pt-PT\"},{\"@type\":\"Organization\",\"@id\":\"https:\/\/apoioflordolar.com\/#organization\",\"name\":\"Apoio Flor do Lar\",\"url\":\"https:\/\/apoioflordolar.com\/\",\"logo\":{\"@type\":\"ImageObject\",\"inLanguage\":\"pt-PT\",\"@id\":\"https:\/\/apoioflordolar.com\/#\/schema\/logo\/image\/\",\"url\":\"https:\/\/apoioflordolar.com\/wp-content\/uploads\/2025\/06\/logov2-e1750869844966.png\",\"contentUrl\":\"https:\/\/apoioflordolar.com\/wp-content\/uploads\/2025\/06\/logov2-e1750869844966.png\",\"width\":154,\"height\":125,\"caption\":\"Apoio Flor do Lar\"},\"image\":{\"@id\":\"https:\/\/apoioflordolar.com\/#\/schema\/logo\/image\/\"},\"sameAs\":[\"https:\/\/www.facebook.com\/profile.php?id=61551246539743\",\"https:\/\/www.instagram.com\/apoioflordolar\/\",\"https:\/\/www.linkedin.com\/company\/apoiodomicilirioflordolar\/\"]}]}<\/script>\n<!-- \/ Yoast SEO plugin. -->","yoast_head_json":{"title":"Servi\u00e7os - Apoio Flor do Lar","robots":{"index":"index","follow":"follow","max-snippet":"max-snippet:-1","max-image-preview":"max-image-preview:large","max-video-preview":"max-video-preview:-1"},"canonical":"https:\/\/apoioflordolar.com\/index.php\/services\/","og_locale":"pt_PT","og_type":"article","og_title":"Servi\u00e7os - Apoio Flor do Lar","og_description":"01. Services Everyone Deserves Our Best Services Residential Care Lorem ipsum dolor sit amet consec turadipicing elit sed eiusmod tempor. Physical Assistance [&hellip;]","og_url":"https:\/\/apoioflordolar.com\/index.php\/services\/","og_site_name":"Apoio Flor do Lar","article_publisher":"https:\/\/www.facebook.com\/profile.php?id=61551246539743","article_modified_time":"2025-07-18T15:36:08+00:00","og_image":[{"width":1349,"height":567,"url":"https:\/\/apoioflordolar.com\/wp-content\/uploads\/2025\/06\/image-2-e1750868046189.png","type":"image\/png"}],"twitter_card":"summary_large_image","twitter_misc":{"Tempo estimado de leitura":"4 minutos"},"schema":{"@context":"https:\/\/schema.org","@graph":[{"@type":"WebPage","@id":"https:\/\/apoioflordolar.com\/index.php\/services\/","url":"https:\/\/apoioflordolar.com\/index.php\/services\/","name":"Servi\u00e7os - Apoio Flor do Lar","isPartOf":{"@id":"https:\/\/apoioflordolar.com\/#website"},"primaryImageOfPage":{"@id":"https:\/\/apoioflordolar.com\/index.php\/services\/#primaryimage"},"image":{"@id":"https:\/\/apoioflordolar.com\/index.php\/services\/#primaryimage"},"thumbnailUrl":"https:\/\/apoioflordolar.com\/wp-content\/uploads\/2025\/06\/image-2-e1750868046189.png","datePublished":"2020-05-12T06:32:23+00:00","dateModified":"2025-07-18T15:36:08+00:00","breadcrumb":{"@id":"https:\/\/apoioflordolar.com\/index.php\/services\/#breadcrumb"},"inLanguage":"pt-PT","potentialAction":[{"@type":"ReadAction","target":["https:\/\/apoioflordolar.com\/index.php\/services\/"]}]},{"@type":"ImageObject","inLanguage":"pt-PT","@id":"https:\/\/apoioflordolar.com\/index.php\/services\/#primaryimage","url":"https:\/\/apoioflordolar.com\/wp-content\/uploads\/2025\/06\/image-2-e1750868046189.png","contentUrl":"https:\/\/apoioflordolar.com\/wp-content\/uploads\/2025\/06\/image-2-e1750868046189.png","width":1349,"height":567},{"@type":"BreadcrumbList","@id":"https:\/\/apoioflordolar.com\/index.php\/services\/#breadcrumb","itemListElement":[{"@type":"ListItem","position":1,"name":"In\u00edcio","item":"https:\/\/apoioflordolar.com\/"},{"@type":"ListItem","position":2,"name":"Servi\u00e7os"}]},{"@type":"WebSite","@id":"https:\/\/apoioflordolar.com\/#website","url":"https:\/\/apoioflordolar.com\/","name":"Apoio Flor do Lar","description":"","publisher":{"@id":"https:\/\/apoioflordolar.com\/#organization"},"potentialAction":[{"@type":"SearchAction","target":{"@type":"EntryPoint","urlTemplate":"https:\/\/apoioflordolar.com\/?s={search_term_string}"},"query-input":{"@type":"PropertyValueSpecification","valueRequired":true,"valueName":"search_term_string"}}],"inLanguage":"pt-PT"},{"@type":"Organization","@id":"https:\/\/apoioflordolar.com\/#organization","name":"Apoio Flor do Lar","url":"https:\/\/apoioflordolar.com\/","logo":{"@type":"ImageObject","inLanguage":"pt-PT","@id":"https:\/\/apoioflordolar.com\/#\/schema\/logo\/image\/","url":"https:\/\/apoioflordolar.com\/wp-content\/uploads\/2025\/06\/logov2-e1750869844966.png","contentUrl":"https:\/\/apoioflordolar.com\/wp-content\/uploads\/2025\/06\/logov2-e1750869844966.png","width":154,"height":125,"caption":"Apoio Flor do Lar"},"image":{"@id":"https:\/\/apoioflordolar.com\/#\/schema\/logo\/image\/"},"sameAs":["https:\/\/www.facebook.com\/profile.php?id=61551246539743","https:\/\/www.instagram.com\/apoioflordolar\/","https:\/\/www.linkedin.com\/company\/apoiodomicilirioflordolar\/"]}]}},"_links":{"self":[{"href":"https:\/\/apoioflordolar.com\/index.php\/wp-json\/wp\/v2\/pages\/676","targetHints":{"allow":["GET"]}}],"collection":[{"href":"https:\/\/apoioflordolar.com\/index.php\/wp-json\/wp\/v2\/pages"}],"about":[{"href":"https:\/\/apoioflordolar.com\/index.php\/wp-json\/wp\/v2\/types\/page"}],"author":[{"embeddable":true,"href":"https:\/\/apoioflordolar.com\/index.php\/wp-json\/wp\/v2\/users\/3"}],"replies":[{"embeddable":true,"href":"https:\/\/apoioflordolar.com\/index.php\/wp-json\/wp\/v2\/comments?post=676"}],"version-history":[{"count":11,"href":"https:\/\/apoioflordolar.com\/index.php\/wp-json\/wp\/v2\/pages\/676\/revisions"}],"predecessor-version":[{"id":2250,"href":"https:\/\/apoioflordolar.com\/index.php\/wp-json\/wp\/v2\/pages\/676\/revisions\/2250"}],"wp:featuredmedia":[{"embeddable":true,"href":"https:\/\/apoioflordolar.com\/index.php\/wp-json\/wp\/v2\/media\/2149"}],"wp:attachment":[{"href":"https:\/\/apoioflordolar.com\/index.php\/wp-json\/wp\/v2\/media?parent=676"}],"curies":[{"name":"wp","href":"https:\/\/api.w.org\/{rel}","templated":true}]}}